{"id":141,"date":"2024-06-11T22:33:59","date_gmt":"2024-06-11T20:33:59","guid":{"rendered":"https:\/\/ldmusic.fr\/?page_id=141"},"modified":"2024-07-15T22:28:53","modified_gmt":"2024-07-15T20:28:53","slug":"141-2","status":"publish","type":"page","link":"https:\/\/ldmusic.fr\/","title":{"rendered":"Home"},"content":{"rendered":"\n<p>Vous pr\u00e9parez un \u00e9v\u00e9nement festif et&nbsp;cherchez un DJ professionnel pour animer une f\u00eate qui vous ressemble ? <br>Vous avez trouv\u00e9. Avec LD Music vous ne serez pas d\u00e9\u00e7u. Plus de 40 ann\u00e9es d&rsquo;exp\u00e9riences, des centaines de f\u00eates familiale (mariage, retraite, anniversaire), des f\u00eates publiques (f\u00eates des \u00e9coles, bal du 14 juillet), des animations associatives (bals, animations sportives, gala), des animations priv\u00e9es (th\u00e9 dansant, cocktail entreprise, fond musical) &#8230; je saurai \u00e0 coup s\u00fbr vous proposer l&rsquo;animation qui vous convient.<\/p>\n\n\n\n<blockquote class=\"wp-block-quote is-layout-flow wp-block-quote-is-layout-flow\">\n<p>Alors, allez faire un tour sur le site, <a href=\"https:\/\/ldmusic.fr\/index.php\/a-propos-de\/\" title=\"Qui suis-je ?\">d\u00e9couvrez moi<\/a>, <a href=\"https:\/\/ldmusic.fr\/index.php\/votre-evenement\/\" title=\"Votre \u00e9v\u00e9nement\">affinez votre projet<\/a>, et surtout, n&rsquo;h\u00e9sitez pas \u00e0 me <a href=\"https:\/\/ldmusic.fr\/index.php\/contact\/\" title=\"Contact\">contacter<\/a>. cela n&rsquo;engage \u00e0 rien.<\/p>\n<\/blockquote>\n\n\n<ul style=\"background-color:#f6f6f624;\" class=\"wp-block-latest-posts__list has-dates alignleft wp-block-latest-posts has-background\"><li><a class=\"wp-block-latest-posts__post-title\" href=\"https:\/\/ldmusic.fr\/index.php\/2024\/07\/12\/fete-nationale\/\">F\u00eate nationale<\/a><time datetime=\"2024-07-12T21:49:23+02:00\" class=\"wp-block-latest-posts__post-date\">12 juillet 2024<\/time><div class=\"wp-block-latest-posts__post-full-content\"><!-- wp:paragraph -->\n<p>Ce week-end, la f\u00eate sera partout en France.<br>De mon cot\u00e9, je serai \u00e0 St Cyr en Val (45) pour l&rsquo;animation musicale et dansante des \u00ab\u00a0tables Saint-Cyriennes\u00a0\u00bb. De 22H \u00e0 1H du matin (voire plus suivant le public, je vous ferai oublier le temps pluvieux de ces derniers jours, et vous ferai danser, chanter, jouer et r\u00e9chauffer (il ne fera pas 25\u00b0 la nuit prochaine !) sur tous les styles musicaux.<\/p>\n<!-- \/wp:paragraph -->\n\n<!-- wp:paragraph -->\n<p>A demain<\/p>\n<!-- \/wp:paragraph -->\n\n<!-- wp:paragraph -->\n<p><a href=\"https:\/\/www.mairie-saintcyrenval.fr\/agenda\/les-tables-saint-cyrienne\">https:\/\/www.mairie-saintcyrenval.fr\/agenda\/les-tables-saint-cyrienne<\/a><br><br><\/p>\n<!-- \/wp:paragraph -->\n\n<!-- wp:image {\"id\":163,\"sizeSlug\":\"large\",\"linkDestination\":\"none\"} -->\n<figure class=\"wp-block-image size-large\"><img loading=\"lazy\" decoding=\"async\" width=\"724\" height=\"1024\" src=\"https:\/\/ldmusic.fr\/wp-content\/uploads\/2024\/07\/image-724x1024.png\" alt=\"\" class=\"wp-image-163\" srcset=\"https:\/\/ldmusic.fr\/wp-content\/uploads\/2024\/07\/image-724x1024.png 724w, https:\/\/ldmusic.fr\/wp-content\/uploads\/2024\/07\/image-212x300.png 212w, https:\/\/ldmusic.fr\/wp-content\/uploads\/2024\/07\/image-768x1086.png 768w, https:\/\/ldmusic.fr\/wp-content\/uploads\/2024\/07\/image-1086x1536.png 1086w, https:\/\/ldmusic.fr\/wp-content\/uploads\/2024\/07\/image-1448x2048.png 1448w, https:\/\/ldmusic.fr\/wp-content\/uploads\/2024\/07\/image.png 1810w\" sizes=\"auto, (max-width: 724px) 100vw, 724px\" \/><\/figure>\n<!-- \/wp:image --><\/div><\/li>\n<\/ul>","protected":false},"excerpt":{"rendered":"<p>Vous pr\u00e9parez un \u00e9v\u00e9nement festif et&nbsp;cherchez un DJ professionnel pour animer une f\u00eate qui vous ressemble ? Vous avez trouv\u00e9. Avec LD Music vous ne serez pas d\u00e9\u00e7u. Plus de 40 ann\u00e9es d&rsquo;exp\u00e9riences, des centaines&hellip; <\/p>\n<p><a class=\"more-link\" href=\"https:\/\/ldmusic.fr\/\">Continue Reading Home<\/a><\/p>\n","protected":false},"author":1,"featured_media":0,"parent":0,"menu_order":0,"comment_status":"closed","ping_status":"closed","template":"","meta":{"footnotes":""},"class_list":["post-141","page","type-page","status-publish","hentry"],"_links":{"self":[{"href":"https:\/\/ldmusic.fr\/index.php\/wp-json\/wp\/v2\/pages\/141","targetHints":{"allow":["GET"]}}],"collection":[{"href":"https:\/\/ldmusic.fr\/index.php\/wp-json\/wp\/v2\/pages"}],"about":[{"href":"https:\/\/ldmusic.fr\/index.php\/wp-json\/wp\/v2\/types\/page"}],"author":[{"embeddable":true,"href":"https:\/\/ldmusic.fr\/index.php\/wp-json\/wp\/v2\/users\/1"}],"replies":[{"embeddable":true,"href":"https:\/\/ldmusic.fr\/index.php\/wp-json\/wp\/v2\/comments?post=141"}],"version-history":[{"count":9,"href":"https:\/\/ldmusic.fr\/index.php\/wp-json\/wp\/v2\/pages\/141\/revisions"}],"predecessor-version":[{"id":170,"href":"https:\/\/ldmusic.fr\/index.php\/wp-json\/wp\/v2\/pages\/141\/revisions\/170"}],"wp:attachment":[{"href":"https:\/\/ldmusic.fr\/index.php\/wp-json\/wp\/v2\/media?parent=141"}],"curies":[{"name":"wp","href":"https:\/\/api.w.org\/{rel}","templated":true}]}}