{"id":5,"date":"2024-06-01T18:12:42","date_gmt":"2024-06-01T16:12:42","guid":{"rendered":"https:\/\/ldmusic.fr\/?page_id=5"},"modified":"2024-06-11T21:34:23","modified_gmt":"2024-06-11T19:34:23","slug":"a-propos-de","status":"publish","type":"page","link":"https:\/\/ldmusic.fr\/index.php\/a-propos-de\/","title":{"rendered":"Qui suis-je ?"},"content":{"rendered":"\n<p class=\"has-drop-cap\">La musique, tout un programme !<br><br>Cela fait maintenant plus de 40 ans que j&rsquo;anime vos soir\u00e9es priv\u00e9es, mariages \u00e9videmment, mais aussi anniversaires, bapt\u00eames, d\u00e9parts en retraite, cocktails et toutes autres soir\u00e9es uniquement justifi\u00e9es pour le plaisir de faire la f\u00eate.<br>En parall\u00e8le, j&rsquo;anime vos \u00e9v\u00e9nements d&rsquo;association, bals, spectacles, sonorisation d\u2019\u00e9v\u00e9nements sportifs ou m\u00eame bals publics.<br>Apr\u00e8s quelques ann\u00e9es dans les discoth\u00e8ques du Choletais (Cholet 49), et sur les ondes FM des radios locales, j&rsquo;ai pris progressivement mon envol, avec toujours un seul objectif : r\u00e9pondre au besoin de mes clients.<br>Cela peut para\u00eetre \u00e9vident, mais combien de personnes ont \u00e9t\u00e9 d\u00e9\u00e7ues par la prestation d&rsquo;un DJ qui se faisait plaisir, en oubliant le principal : faire plaisir au client !<br><br>Originaire de Cholet, v\u00e9cu au Mans, maintenant proche d&rsquo;Orl\u00e9ans, j&rsquo;ai encore de nombreux contacts dans ces d\u00e9partements et y anime r\u00e9guli\u00e8rement. Je me d\u00e9place sans r\u00e9serve 2H00 autour d\u2019Orl\u00e9ans, mais aussi plus loin en \u00e9tudiant avec vous les conditions de d\u00e9placement et de logement \u00e9ventuel.<\/p>\n\n\n\n<p class=\"has-drop-cap\">Pourquoi choisir LD MUSIC ?<br><br>Une exp\u00e9rience de plusieurs centaines d&rsquo;animations, un bouche \u00e0 oreille tr\u00e8s efficace principalement seul pourvoyeur de mes prestations, preuve de la qualit\u00e9 du travail effectu\u00e9.<br>Avant chaque prestation, je tiens \u00e0 rencontrer les organisateurs afin de prendre le temps d&rsquo;\u00e9changer sur leurs besoins. Ainsi, je suis capable de vous conseiller sur l&rsquo;organisation de votre \u00e9v\u00e9nement et de d\u00e9couvrir toutes les subtilit\u00e9s du lieu.<br>Et quel que soit le lieu, petit ou grand, dans son \u00ab\u00a0jus\u00a0\u00bb ou moderne, dans un ch\u00e2teau ou dans une ferme, en int\u00e9rieur ou en ext\u00e9rieur, je saurai m&rsquo;adapter. Je ne vous dirai jamais non, vous avez choisi le lieu par rapport \u00e0 votre gout, vos besoins, et c&rsquo;est \u00e0 moi de m&rsquo;y adapter.<br><br>De m\u00eame, vous \u00eates 30 personnes pour une soir\u00e9e familiale, pas de probl\u00e8me. Vous \u00eates 300 pour un bal d&rsquo;association, pas de probl\u00e8me. Vous souhaitez sonoriser un spectacle, pas de probl\u00e8me. Je saurai m&rsquo;adapter, ou vous dire non rapidement si je ne suis pas \u00e9quip\u00e9 pour r\u00e9pondre \u00e0 votre besoin.<\/p>\n","protected":false},"excerpt":{"rendered":"<p>La musique, tout un programme ! Cela fait maintenant plus de 40 ans que j&rsquo;anime vos soir\u00e9es priv\u00e9es, mariages \u00e9videmment, mais aussi anniversaires, bapt\u00eames, d\u00e9parts en retraite, cocktails et toutes autres soir\u00e9es uniquement justifi\u00e9es pour&hellip; <\/p>\n<p><a class=\"more-link\" href=\"https:\/\/ldmusic.fr\/index.php\/a-propos-de\/\">Continue Reading Qui suis-je ?<\/a><\/p>\n","protected":false},"author":1,"featured_media":0,"parent":0,"menu_order":0,"comment_status":"closed","ping_status":"closed","template":"","meta":{"footnotes":""},"class_list":["post-5","page","type-page","status-publish","hentry"],"_links":{"self":[{"href":"https:\/\/ldmusic.fr\/index.php\/wp-json\/wp\/v2\/pages\/5","targetHints":{"allow":["GET"]}}],"collection":[{"href":"https:\/\/ldmusic.fr\/index.php\/wp-json\/wp\/v2\/pages"}],"about":[{"href":"https:\/\/ldmusic.fr\/index.php\/wp-json\/wp\/v2\/types\/page"}],"author":[{"embeddable":true,"href":"https:\/\/ldmusic.fr\/index.php\/wp-json\/wp\/v2\/users\/1"}],"replies":[{"embeddable":true,"href":"https:\/\/ldmusic.fr\/index.php\/wp-json\/wp\/v2\/comments?post=5"}],"version-history":[{"count":17,"href":"https:\/\/ldmusic.fr\/index.php\/wp-json\/wp\/v2\/pages\/5\/revisions"}],"predecessor-version":[{"id":137,"href":"https:\/\/ldmusic.fr\/index.php\/wp-json\/wp\/v2\/pages\/5\/revisions\/137"}],"wp:attachment":[{"href":"https:\/\/ldmusic.fr\/index.php\/wp-json\/wp\/v2\/media?parent=5"}],"curies":[{"name":"wp","href":"https:\/\/api.w.org\/{rel}","templated":true}]}}