{"id":60,"date":"2024-06-02T20:49:10","date_gmt":"2024-06-02T18:49:10","guid":{"rendered":"https:\/\/ldmusic.fr\/?page_id=60"},"modified":"2024-06-02T20:54:51","modified_gmt":"2024-06-02T18:54:51","slug":"votre-evenement","status":"publish","type":"page","link":"https:\/\/ldmusic.fr\/index.php\/votre-evenement\/","title":{"rendered":"Votre \u00e9v\u00e9nement"},"content":{"rendered":"\n<p class=\"has-drop-cap\">Vous pr\u00e9parez un \u00e9v\u00e9nement, un anniversaire, un mariage ? Ce moment est unique et je sais comment faire pour qu&rsquo;il soit une r\u00e9ussite pour vous, mais aussi pour tous vos invit\u00e9s.<br>Mais, pour le r\u00e9ussir, je dois en connaitre les d\u00e9tails :<\/p>\n\n\n\n<ul class=\"wp-block-list\">\n<li>Quel est votre \u00e9v\u00e8nement ? Un mariage, un anniversaire&#8230;<\/li>\n\n\n\n<li>Combien pensez-vous que vous serez ? Cela ne changera pas ma position d&rsquo;animer ou non votre \u00e9v\u00e9nement, mais me permettra d&rsquo;adapter le mat\u00e9riel \u00e0 pr\u00e9voir.<\/li>\n\n\n\n<li>Quel sera l&rsquo;age de vos invit\u00e9s ? Est-ce qu&rsquo;il faut pr\u00e9voir un th\u00e9 dansant ou une soir\u00e9e discoth\u00e8que ?<\/li>\n\n\n\n<li>Quelles sont vos horaires ? M\u00eame si cela est informatif, car il est hors de question pour moi de tout arr\u00eater \u00e0 une heure pr\u00e9d\u00e9finie si la f\u00eate bat son plein.<\/li>\n<\/ul>\n\n\n\n<p class=\"has-drop-cap\">C&rsquo;est en connaissant ces d\u00e9tails que je serai capable de choisir le bon mat\u00e9riel ou la bonne musique pour que ce soit une r\u00e9ussite.<br><br>Je suis musicalement g\u00e9n\u00e9raliste, je saurai vous proposer tous les styles de musique. Que ce soit des musiques de plus de 100 ans (et oui, j&rsquo;en ai \u00e0 dispo) ou de la musique de cette ann\u00e9e, que ce soit une valse viennoise classique, ou du hard rock, en passant par tous le rock\/twist des ann\u00e9es 60, du disco des ann\u00e9es 70, des grandioses ann\u00e9es 80, de la musique urbaine actuelle, tout est faisable. Mais je ne saurai peut-\u00eatre pas tenir toute une soir\u00e9e sur un seul th\u00e8me !<\/p>\n\n\n\n<p>Notre rencontre aura donc aussi cet objectif : que voulez-vous \u00e9couter ? et aussi, que ne voulez-vous pas \u00e9couter ? A moi de m&rsquo;adapter. <br>Les invit\u00e9s s&rsquo;ennuient, les invit\u00e9s sont d\u00e9cha\u00eenes, c&rsquo;est aussi \u00e0 moi de m&rsquo;adapter; C&rsquo;est pour cela que je n&rsquo;ai aucune playlist, mais des des milliers de morceaux disponibles, qu&rsquo;il me faudra encha\u00eener au millim\u00e8tre pour que votre \u00e9v\u00e9nement soit une r\u00e9ussite.<\/p>\n","protected":false},"excerpt":{"rendered":"<p>Vous pr\u00e9parez un \u00e9v\u00e9nement, un anniversaire, un mariage ? Ce moment est unique et je sais comment faire pour qu&rsquo;il soit une r\u00e9ussite pour vous, mais aussi pour tous vos invit\u00e9s.Mais, pour le r\u00e9ussir, je&hellip; <\/p>\n<p><a class=\"more-link\" href=\"https:\/\/ldmusic.fr\/index.php\/votre-evenement\/\">Continue Reading Votre \u00e9v\u00e9nement<\/a><\/p>\n","protected":false},"author":1,"featured_media":0,"parent":0,"menu_order":0,"comment_status":"closed","ping_status":"closed","template":"","meta":{"footnotes":""},"class_list":["post-60","page","type-page","status-publish","hentry"],"_links":{"self":[{"href":"https:\/\/ldmusic.fr\/index.php\/wp-json\/wp\/v2\/pages\/60","targetHints":{"allow":["GET"]}}],"collection":[{"href":"https:\/\/ldmusic.fr\/index.php\/wp-json\/wp\/v2\/pages"}],"about":[{"href":"https:\/\/ldmusic.fr\/index.php\/wp-json\/wp\/v2\/types\/page"}],"author":[{"embeddable":true,"href":"https:\/\/ldmusic.fr\/index.php\/wp-json\/wp\/v2\/users\/1"}],"replies":[{"embeddable":true,"href":"https:\/\/ldmusic.fr\/index.php\/wp-json\/wp\/v2\/comments?post=60"}],"version-history":[{"count":7,"href":"https:\/\/ldmusic.fr\/index.php\/wp-json\/wp\/v2\/pages\/60\/revisions"}],"predecessor-version":[{"id":74,"href":"https:\/\/ldmusic.fr\/index.php\/wp-json\/wp\/v2\/pages\/60\/revisions\/74"}],"wp:attachment":[{"href":"https:\/\/ldmusic.fr\/index.php\/wp-json\/wp\/v2\/media?parent=60"}],"curies":[{"name":"wp","href":"https:\/\/api.w.org\/{rel}","templated":true}]}}